{"id":379,"date":"2022-05-03T14:00:28","date_gmt":"2022-05-03T11:00:28","guid":{"rendered":"https:\/\/pohjolanpirteat.fi\/contact\/"},"modified":"2022-09-21T23:49:15","modified_gmt":"2022-09-21T20:49:15","slug":"contact","status":"publish","type":"page","link":"https:\/\/pohjolanpirteat.fi\/en\/contact\/","title":{"rendered":"Contact"},"content":{"rendered":"\n<h1 class=\"wp-block-heading\">Contact information<\/h1>\n\n<p><strong>Mail address:<\/strong> Pohjolan Pirte\u00e4t ry, c\/o Matti Rahko, Ojavainion tie 6 B 9, 9O42O Oulu<br \/><strong>Email address:<\/strong> <a href=\"mailto:pohjolanpirteat@gmail.com\">pohjolanpirteat@gmail.com<\/a><br \/><strong>Payment information:<\/strong> <a href=\"mailto:pohjolanpirteat-laskutus@partiolainen.fi\">pohjolanpirteat-laskutus@partiolainen.fi<\/a><br \/><strong>Business ID:<\/strong> 1453527-6<\/p>\n\n<p><\/p>\n\n<h2 class=\"wp-block-heading\">Troop contact information<\/h2>\n\n<p><\/p>\n\n<figure class=\"wp-block-table\"><table class=\"has-fixed-layout\"><thead><tr><th>Position<\/th><th>Name<\/th><th>Phone number<\/th><th>Email<\/th><\/tr><\/thead><tbody><tr><td><strong>TROOP LEADER<\/strong><\/td><td>Matti &#8220;Raitwan&#8221; Rahko<\/td><td>050 486 0879<\/td><td>matti.rahko@partio.fi<\/td><\/tr><tr><td><strong>PROGRAMME LEADER<\/strong><\/td><td>Katariina &#8220;Kata&#8221; Kattelus<\/td><td>050 570 7182<\/td><td>katariina.kattelus@partio.fi<\/td><\/tr><tr><td><strong>VOLUNTEER LEADER<\/strong><\/td><td>We are looking for a new Volunteer Leader!<\/td><td><\/td><td><\/td><\/tr><tr><td><strong>SECRETARY<\/strong><\/td><td>Marjo Riitta &#8220;Tiitta&#8221; Tervonen<\/td><td><\/td><td><\/td><\/tr><tr><td><strong>TREASURER<\/strong><\/td><td>Jani Ylikantola<\/td><td><\/td><td>jani.ylikantola@partio.fi<\/td><\/tr><tr><td><strong>REGISTRAR<\/strong><\/td><td>Katariina &#8220;Kata&#8221; Kattelus<\/td><td>050 570 7182<\/td><td>katariina.kattelus@partio.fi<\/td><\/tr><tr><td><strong>SAFETY PERSON<\/strong><\/td><td>Jaakko Ruokola<\/td><td><\/td><td><\/td><\/tr><tr><td><strong>SAFETY PERSON<\/strong><\/td><td>Milja &#8220;Minttu&#8221; Sallm\u00e9n<\/td><td><\/td><td><\/td><\/tr><tr><td><strong>COMMUNICATIONS AND MARKETING<\/strong><\/td><td>Matti &#8220;Raitwan&#8221; Rahko<\/td><td>050 486 0879<\/td><td>matti.rahko@partio.fi<\/td><\/tr><tr><td><strong>FAMILY SCOUTING<\/strong><\/td><td>Lea &#8220;Kuksa&#8221; Haapala<\/td><td><\/td><td>pohjolanpirteat@gmail.com<\/td><\/tr><tr><td><strong>CUBS<\/strong><\/td><td>P\u00e4ivi &#8220;K\u00e4py&#8221; Saraj\u00e4rvi<\/td><td><\/td><td>pohjolanpirteat@gmail.com<\/td><\/tr><tr><td><strong>ADVENTURERS<\/strong><\/td><td>Anu L\u00e4ms\u00e4<\/td><td><\/td><td>anu.lamsa@partio.fi<\/td><\/tr><tr><td><strong>TRACKERS<\/strong><\/td><td>Anu L\u00e4ms\u00e4<\/td><td><\/td><td>anu.lamsa@partio.fi<\/td><\/tr><tr><td><strong>EXPLORERS<\/strong><\/td><td>Milja &#8220;Minttu&#8221; Sallm\u00e9n<\/td><td><\/td><td>pohjolanpirteat@gmail.com<\/td><\/tr><tr><td><strong>ROVERS<\/strong><\/td><td>Milja &#8220;Minttu&#8221; Sallm\u00e9n<\/td><td><\/td><td>pohjolanpirteat@gmail.com<\/td><\/tr><tr><td><strong>ADULTS<\/strong><\/td><td>Mikko L\u00e4ms\u00e4<\/td><td><\/td><td>mikko.lamsa@partio.fi<\/td><\/tr><\/tbody><\/table><\/figure>\n\n<h2 class=\"wp-block-heading\">Troop board<\/h2>\n\n<p><\/p>\n\n<ul class=\"wp-block-list\"><li><strong>Troop Leader:<\/strong> Matti &#8220;Raitwan&#8221; Rahko<\/li><li><strong>Secretary:<\/strong> Marjo Riitta &#8220;Tiitta&#8221; Tervonen<\/li><li><strong>Members:<\/strong> Katariina &#8220;Kata&#8221; Kattelus, Malla Kein\u00e4nen, Juho Launonen, Inkeri Linna, P\u00e4ivi &#8220;K\u00e4py&#8221; Saraj\u00e4rvi, Iisa Sallm\u00e9n, Jani Yli-Kantola<\/li><\/ul>\n\n<p><\/p>\n\n<p><\/p>\n\n<figure class=\"wp-block-table\"><table class=\"has-fixed-layout\"><thead><tr><th><\/th><th><\/th><\/tr><\/thead><tbody><tr><td><strong><strong>CENTRAL ORGANIZATION<br \/><\/strong><\/strong>Suomen partiolaiset ry \u2013 The Guides and Scouts of Finland<strong><br \/> <a href=\"http:\/\/www.partio.fi\/\"><em>www.partio.fi<\/em><\/a><\/strong><\/td><td><strong>SCOUT DISTRICT<br \/><\/strong>Pohjanmaan Partiolaiset ry<br \/><a href=\"http:\/\/www.pohjanmaa.partio.fi\/\" target=\"_blank\" rel=\"noreferrer noopener\"><em>www.pohjanmaa.partio.fi<\/em><\/a><\/td><\/tr><\/tbody><\/table><\/figure>\n","protected":false},"excerpt":{"rendered":"<p>Contact information Mail address: Pohjolan Pirte\u00e4t ry, c\/o Matti Rahko, Ojavainion tie 6 B 9,&hellip;<\/p>\n","protected":false},"author":80,"featured_media":0,"parent":0,"menu_order":0,"comment_status":"closed","ping_status":"closed","template":"","meta":{"_acf_changed":false,"footnotes":""},"class_list":["post-379","page","type-page","status-publish","hentry"],"acf":[],"yoast_head":"<!-- This site is optimized with the Yoast SEO plugin v27.1.1 - https:\/\/yoast.com\/product\/yoast-seo-wordpress\/ -->\n<title>Contact - Pohjolan Pirte\u00e4t ry<\/title>\n<meta name=\"robots\" content=\"index, follow, max-snippet:-1, max-image-preview:large, max-video-preview:-1\" \/>\n<link rel=\"canonical\" href=\"https:\/\/pohjolanpirteat.fi\/en\/contact\/\" \/>\n<meta property=\"og:locale\" content=\"en_US\" \/>\n<meta property=\"og:type\" content=\"article\" \/>\n<meta property=\"og:title\" content=\"Contact - Pohjolan Pirte\u00e4t ry\" \/>\n<meta property=\"og:description\" content=\"Contact information Mail address: Pohjolan Pirte\u00e4t ry, c\/o Matti Rahko, Ojavainion tie 6 B 9,&hellip;\" \/>\n<meta property=\"og:url\" content=\"https:\/\/pohjolanpirteat.fi\/en\/contact\/\" \/>\n<meta property=\"og:site_name\" content=\"Pohjolan Pirte\u00e4t ry\" \/>\n<meta property=\"article:publisher\" content=\"https:\/\/fi-fi.facebook.com\/PohjolanPirteat\/\" \/>\n<meta property=\"article:modified_time\" content=\"2022-09-21T20:49:15+00:00\" \/>\n<meta name=\"twitter:card\" content=\"summary_large_image\" \/>\n<meta name=\"twitter:label1\" content=\"Est. reading time\" \/>\n\t<meta name=\"twitter:data1\" content=\"1 minute\" \/>\n<script type=\"application\/ld+json\" class=\"yoast-schema-graph\">{\"@context\":\"https:\/\/schema.org\",\"@graph\":[{\"@type\":\"WebPage\",\"@id\":\"https:\/\/pohjolanpirteat.fi\/en\/contact\/\",\"url\":\"https:\/\/pohjolanpirteat.fi\/en\/contact\/\",\"name\":\"Contact - Pohjolan Pirte\u00e4t ry\",\"isPartOf\":{\"@id\":\"https:\/\/pohjolanpirteat.fi\/#website\"},\"datePublished\":\"2022-05-03T11:00:28+00:00\",\"dateModified\":\"2022-09-21T20:49:15+00:00\",\"breadcrumb\":{\"@id\":\"https:\/\/pohjolanpirteat.fi\/en\/contact\/#breadcrumb\"},\"inLanguage\":\"en-US\",\"potentialAction\":[{\"@type\":\"ReadAction\",\"target\":[\"https:\/\/pohjolanpirteat.fi\/en\/contact\/\"]}]},{\"@type\":\"BreadcrumbList\",\"@id\":\"https:\/\/pohjolanpirteat.fi\/en\/contact\/#breadcrumb\",\"itemListElement\":[{\"@type\":\"ListItem\",\"position\":1,\"name\":\"Etusivu\",\"item\":\"https:\/\/pohjolanpirteat.fi\/en\/\"},{\"@type\":\"ListItem\",\"position\":2,\"name\":\"Contact\"}]},{\"@type\":\"WebSite\",\"@id\":\"https:\/\/pohjolanpirteat.fi\/#website\",\"url\":\"https:\/\/pohjolanpirteat.fi\/\",\"name\":\"Pohjolan Pirte\u00e4t ry\",\"description\":\"Pirte\u00e4\u00e4 partiotoimintaa Oulussa\",\"publisher\":{\"@id\":\"https:\/\/pohjolanpirteat.fi\/#organization\"},\"potentialAction\":[{\"@type\":\"SearchAction\",\"target\":{\"@type\":\"EntryPoint\",\"urlTemplate\":\"https:\/\/pohjolanpirteat.fi\/?s={search_term_string}\"},\"query-input\":{\"@type\":\"PropertyValueSpecification\",\"valueRequired\":true,\"valueName\":\"search_term_string\"}}],\"inLanguage\":\"en-US\"},{\"@type\":\"Organization\",\"@id\":\"https:\/\/pohjolanpirteat.fi\/#organization\",\"name\":\"Pohjolan Pirte\u00e4t ry\",\"url\":\"https:\/\/pohjolanpirteat.fi\/\",\"logo\":{\"@type\":\"ImageObject\",\"inLanguage\":\"en-US\",\"@id\":\"https:\/\/pohjolanpirteat.fi\/#\/schema\/logo\/image\/\",\"url\":\"https:\/\/pohjolanpirteat.fi\/wp-content\/uploads\/sites\/63\/2022\/03\/PoPin-logo.png\",\"contentUrl\":\"https:\/\/pohjolanpirteat.fi\/wp-content\/uploads\/sites\/63\/2022\/03\/PoPin-logo.png\",\"width\":2205,\"height\":2203,\"caption\":\"Pohjolan Pirte\u00e4t ry\"},\"image\":{\"@id\":\"https:\/\/pohjolanpirteat.fi\/#\/schema\/logo\/image\/\"},\"sameAs\":[\"https:\/\/fi-fi.facebook.com\/PohjolanPirteat\/\",\"https:\/\/instagram.com\/pohjolanpirteat\/\"]}]}<\/script>\n<!-- \/ Yoast SEO plugin. -->","yoast_head_json":{"title":"Contact - Pohjolan Pirte\u00e4t ry","robots":{"index":"index","follow":"follow","max-snippet":"max-snippet:-1","max-image-preview":"max-image-preview:large","max-video-preview":"max-video-preview:-1"},"canonical":"https:\/\/pohjolanpirteat.fi\/en\/contact\/","og_locale":"en_US","og_type":"article","og_title":"Contact - Pohjolan Pirte\u00e4t ry","og_description":"Contact information Mail address: Pohjolan Pirte\u00e4t ry, c\/o Matti Rahko, Ojavainion tie 6 B 9,&hellip;","og_url":"https:\/\/pohjolanpirteat.fi\/en\/contact\/","og_site_name":"Pohjolan Pirte\u00e4t ry","article_publisher":"https:\/\/fi-fi.facebook.com\/PohjolanPirteat\/","article_modified_time":"2022-09-21T20:49:15+00:00","twitter_card":"summary_large_image","twitter_misc":{"Est. reading time":"1 minute"},"schema":{"@context":"https:\/\/schema.org","@graph":[{"@type":"WebPage","@id":"https:\/\/pohjolanpirteat.fi\/en\/contact\/","url":"https:\/\/pohjolanpirteat.fi\/en\/contact\/","name":"Contact - Pohjolan Pirte\u00e4t ry","isPartOf":{"@id":"https:\/\/pohjolanpirteat.fi\/#website"},"datePublished":"2022-05-03T11:00:28+00:00","dateModified":"2022-09-21T20:49:15+00:00","breadcrumb":{"@id":"https:\/\/pohjolanpirteat.fi\/en\/contact\/#breadcrumb"},"inLanguage":"en-US","potentialAction":[{"@type":"ReadAction","target":["https:\/\/pohjolanpirteat.fi\/en\/contact\/"]}]},{"@type":"BreadcrumbList","@id":"https:\/\/pohjolanpirteat.fi\/en\/contact\/#breadcrumb","itemListElement":[{"@type":"ListItem","position":1,"name":"Etusivu","item":"https:\/\/pohjolanpirteat.fi\/en\/"},{"@type":"ListItem","position":2,"name":"Contact"}]},{"@type":"WebSite","@id":"https:\/\/pohjolanpirteat.fi\/#website","url":"https:\/\/pohjolanpirteat.fi\/","name":"Pohjolan Pirte\u00e4t ry","description":"Pirte\u00e4\u00e4 partiotoimintaa Oulussa","publisher":{"@id":"https:\/\/pohjolanpirteat.fi\/#organization"},"potentialAction":[{"@type":"SearchAction","target":{"@type":"EntryPoint","urlTemplate":"https:\/\/pohjolanpirteat.fi\/?s={search_term_string}"},"query-input":{"@type":"PropertyValueSpecification","valueRequired":true,"valueName":"search_term_string"}}],"inLanguage":"en-US"},{"@type":"Organization","@id":"https:\/\/pohjolanpirteat.fi\/#organization","name":"Pohjolan Pirte\u00e4t ry","url":"https:\/\/pohjolanpirteat.fi\/","logo":{"@type":"ImageObject","inLanguage":"en-US","@id":"https:\/\/pohjolanpirteat.fi\/#\/schema\/logo\/image\/","url":"https:\/\/pohjolanpirteat.fi\/wp-content\/uploads\/sites\/63\/2022\/03\/PoPin-logo.png","contentUrl":"https:\/\/pohjolanpirteat.fi\/wp-content\/uploads\/sites\/63\/2022\/03\/PoPin-logo.png","width":2205,"height":2203,"caption":"Pohjolan Pirte\u00e4t ry"},"image":{"@id":"https:\/\/pohjolanpirteat.fi\/#\/schema\/logo\/image\/"},"sameAs":["https:\/\/fi-fi.facebook.com\/PohjolanPirteat\/","https:\/\/instagram.com\/pohjolanpirteat\/"]}]}},"_links":{"self":[{"href":"https:\/\/pohjolanpirteat.fi\/en\/wp-json\/wp\/v2\/pages\/379","targetHints":{"allow":["GET"]}}],"collection":[{"href":"https:\/\/pohjolanpirteat.fi\/en\/wp-json\/wp\/v2\/pages"}],"about":[{"href":"https:\/\/pohjolanpirteat.fi\/en\/wp-json\/wp\/v2\/types\/page"}],"author":[{"embeddable":true,"href":"https:\/\/pohjolanpirteat.fi\/en\/wp-json\/wp\/v2\/users\/80"}],"replies":[{"embeddable":true,"href":"https:\/\/pohjolanpirteat.fi\/en\/wp-json\/wp\/v2\/comments?post=379"}],"version-history":[{"count":2,"href":"https:\/\/pohjolanpirteat.fi\/en\/wp-json\/wp\/v2\/pages\/379\/revisions"}],"predecessor-version":[{"id":382,"href":"https:\/\/pohjolanpirteat.fi\/en\/wp-json\/wp\/v2\/pages\/379\/revisions\/382"}],"wp:attachment":[{"href":"https:\/\/pohjolanpirteat.fi\/en\/wp-json\/wp\/v2\/media?parent=379"}],"curies":[{"name":"wp","href":"https:\/\/api.w.org\/{rel}","templated":true}]}}