{"id":358,"date":"2022-03-30T20:31:12","date_gmt":"2022-03-30T17:31:12","guid":{"rendered":"https:\/\/pohjolanpirteat.fi\/join-us\/"},"modified":"2022-09-21T23:50:11","modified_gmt":"2022-09-21T20:50:11","slug":"join-us","status":"publish","type":"page","link":"https:\/\/pohjolanpirteat.fi\/en\/join-us\/","title":{"rendered":"Join us"},"content":{"rendered":"\n\n<div class=\"block-content-with-sidebar full-width id-block\">\n\t<div class=\"container-lg\">\n\t\t<div class=\"row\">\n\t\t\t<div class=\"col d-none d-lg-block col-lg-4 col-xxl-3\">\n\t\t\t\t<ul class=\"sidebar-menu\">\n\n<li  class=\"menu-item menu-item-379\"><a href=\"https:\/\/pohjolanpirteat.fi\/en\/contact\/\">Contact<\/a><\/li>\n<li  class=\"menu-item menu-item-163\"><a href=\"https:\/\/pohjolanpirteat.fi\/en\/\">Front page<\/a><\/li>\n<li  class=\"menu-item menu-item-358\"><a href=\"https:\/\/pohjolanpirteat.fi\/en\/join-us\/\" aria-current=\"page\">Join us<\/a><\/li>\n<li  class=\"menu-item menu-item-350 current-menu-parent\"><a href=\"https:\/\/pohjolanpirteat.fi\/en\/the-latest-news\/\">The latest news<\/a><\/li><\/ul>\n\t\t\t<\/div>\n\t\t\t<div class=\"col col-12 col-lg-8 col-xxl-7 offset-xxl-1\">\t\n\t\t\t\t<div class=\"inner-blocks entry-content\">\n\t\t\t\t\t\t\t\t\t\t\t\n\n<figure class=\"wp-block-image size-large\"><img decoding=\"async\" width=\"1024\" height=\"683\" src=\"https:\/\/pohjolanpirteat.partioscout.fi\/wp-content\/uploads\/sites\/63\/2022\/05\/20211002_FILIP_ELLER_KAANNEKOHTA_0001-1-1024x683.jpg\" alt=\"\" class=\"wp-image-174\" srcset=\"https:\/\/pohjolanpirteat.fi\/wp-content\/uploads\/sites\/63\/2022\/05\/20211002_FILIP_ELLER_KAANNEKOHTA_0001-1-1024x683.jpg 1024w, https:\/\/pohjolanpirteat.fi\/wp-content\/uploads\/sites\/63\/2022\/05\/20211002_FILIP_ELLER_KAANNEKOHTA_0001-1-300x200.jpg 300w, https:\/\/pohjolanpirteat.fi\/wp-content\/uploads\/sites\/63\/2022\/05\/20211002_FILIP_ELLER_KAANNEKOHTA_0001-1-768x512.jpg 768w, https:\/\/pohjolanpirteat.fi\/wp-content\/uploads\/sites\/63\/2022\/05\/20211002_FILIP_ELLER_KAANNEKOHTA_0001-1-1536x1024.jpg 1536w, https:\/\/pohjolanpirteat.fi\/wp-content\/uploads\/sites\/63\/2022\/05\/20211002_FILIP_ELLER_KAANNEKOHTA_0001-1-2048x1365.jpg 2048w, https:\/\/pohjolanpirteat.fi\/wp-content\/uploads\/sites\/63\/2022\/05\/20211002_FILIP_ELLER_KAANNEKOHTA_0001-1-528x352.jpg 528w, https:\/\/pohjolanpirteat.fi\/wp-content\/uploads\/sites\/63\/2022\/05\/20211002_FILIP_ELLER_KAANNEKOHTA_0001-1-1200x800.jpg 1200w\" sizes=\"(max-width: 1024px) 100vw, 1024px\" \/><figcaption>Photo: Filip Eller<\/figcaption><\/figure>\n\n\n\n<h2 class=\"wp-block-heading\"><strong>Sign up<\/strong><\/h2>\n\n\n\n<p>Are you looking for a new hobby, new experiences, new friends? Have you always wanted to experience what scouting is? With us, you can start scouting as a part of family scouting, so there are no age limits!<\/p>\n\n\n\n<p>Did you know that one in every fifth Finn is or has been a scout? Now is the best time to join the scouts. You can join us at any time of the year. We have people from all age groups in our troop, including lots of adults.<\/p>\n\n\n\n<h2 class=\"wp-block-heading\"><a><\/a><strong>How can I join?<\/strong><\/h2>\n\n\n\n<div class=\"wp-block-buttons is-layout-flex wp-block-buttons-is-layout-flex\">\n<div class=\"wp-block-button\"><a class=\"wp-block-button__link\" href=\"https:\/\/kuksa.partio.fi\/kotisivut\/jasenhakemus.aspx?id=9998913\">Sign up now!<\/a><\/div>\n<\/div>\n\n\n\n<ul class=\"wp-block-list\"><li>Do you have any questions? Email us at <a href=\"mailto:pohjolanpirteat@gmail.com\">pohjolanpirteat@gmail.com<\/a><\/li><li>You may also join us by attending the enrollment event held in August. Find out when the next enrollment event is by following our social media channels:<ul><li>Facebook: <a href=\"https:\/\/fi-fi.facebook.com\/PohjolanPirteat\/\" target=\"_blank\" rel=\"noreferrer noopener\">Pohjolan Pirte\u00e4t ry.<\/a><\/li><li>Instagram: <a href=\"https:\/\/www.instagram.com\/pohjolanpirteat\/?hl=fi\" target=\"_blank\" rel=\"noreferrer noopener\">@pohjolanpirteat<\/a><\/li><li><a href=\"https:\/\/pohjolanpirteat.fi\/tapahtumat\/\">Event calendar<\/a><\/li><\/ul><\/li><\/ul>\n\n\n\t\t\t\t\t\t\t\t\t<\/div>\n\t\t\t<\/div>\n\t\t<\/div>\n\t<\/div>\t\n\t\t\t\t\t<svg class=\"figure cross\" xmlns=\"http:\/\/www.w3.org\/2000\/svg\" width=\"107\" height=\"47.043\" viewBox=\"0 0 107 47.043\">\n\t\t    <g>\n\t\t        <path d=\"M29.916 6.541L23.349 0l-8.39 8.417L6.541 0 0 6.541l8.39 8.417L0 23.375l6.541 6.541 8.417-8.39 8.39 8.39 6.568-6.541-8.416-8.417z\" transform=\"rotate(-90 23.522 23.521) translate(17.127)\"\/>\n\t\t        <path d=\"M15.253 11.446A24.159 24.159 0 0 1 9.034 0L0 2.064a33.488 33.488 0 0 0 8.632 15.87l.08.08s.617.617 1.474 1.662l7.238-5.79c-1.099-1.341-1.93-2.198-2.171-2.44z\" transform=\"rotate(-90 23.522 23.521) translate(.429 60.519)\"\/>\n\t\t        <path d=\"M16.218 6.648L9.758 0A33.429 33.429 0 0 0 0 18.738l9.141 1.474a23.953 23.953 0 0 1 7.077-13.564z\" transform=\"rotate(-90 23.522 23.521) translate(0 30.828)\"\/>\n\t\t        <path d=\"M.161 3.163A21.712 21.712 0 0 1 1.5 10.481 19.441 19.441 0 0 1 0 17.907l8.578 3.538a28.792 28.792 0 0 0 2.2-10.964A30.739 30.739 0 0 0 8.873 0z\" transform=\"rotate(-90 23.522 23.521) translate(15.285 85.555)\"\/>\n\t\t    <\/g>\n\t\t<\/svg>\n\t\t\t<\/div>\n","protected":false},"excerpt":{"rendered":"","protected":false},"author":4,"featured_media":0,"parent":0,"menu_order":0,"comment_status":"closed","ping_status":"closed","template":"","meta":{"_acf_changed":false,"footnotes":""},"class_list":["post-358","page","type-page","status-publish","hentry"],"acf":[],"yoast_head":"<!-- This site is optimized with the Yoast SEO plugin v27.1.1 - https:\/\/yoast.com\/product\/yoast-seo-wordpress\/ -->\n<title>Join us - Pohjolan Pirte\u00e4t ry<\/title>\n<meta name=\"robots\" content=\"index, follow, max-snippet:-1, max-image-preview:large, max-video-preview:-1\" \/>\n<link rel=\"canonical\" href=\"https:\/\/pohjolanpirteat.fi\/en\/join-us\/\" \/>\n<meta property=\"og:locale\" content=\"en_US\" \/>\n<meta property=\"og:type\" content=\"article\" \/>\n<meta property=\"og:title\" content=\"Join us - Pohjolan Pirte\u00e4t ry\" \/>\n<meta property=\"og:url\" content=\"https:\/\/pohjolanpirteat.fi\/en\/join-us\/\" \/>\n<meta property=\"og:site_name\" content=\"Pohjolan Pirte\u00e4t ry\" \/>\n<meta property=\"article:publisher\" content=\"https:\/\/fi-fi.facebook.com\/PohjolanPirteat\/\" \/>\n<meta property=\"article:modified_time\" content=\"2022-09-21T20:50:11+00:00\" \/>\n<meta property=\"og:image\" content=\"https:\/\/pohjolanpirteat.partioscout.fi\/wp-content\/uploads\/sites\/63\/2022\/05\/20211002_FILIP_ELLER_KAANNEKOHTA_0001-1-1024x683.jpg\" \/>\n<meta name=\"twitter:card\" content=\"summary_large_image\" \/>\n<meta name=\"twitter:label1\" content=\"Est. reading time\" \/>\n\t<meta name=\"twitter:data1\" content=\"1 minute\" \/>\n<script type=\"application\/ld+json\" class=\"yoast-schema-graph\">{\"@context\":\"https:\/\/schema.org\",\"@graph\":[{\"@type\":\"WebPage\",\"@id\":\"https:\/\/pohjolanpirteat.fi\/en\/join-us\/\",\"url\":\"https:\/\/pohjolanpirteat.fi\/en\/join-us\/\",\"name\":\"Join us - Pohjolan Pirte\u00e4t ry\",\"isPartOf\":{\"@id\":\"https:\/\/pohjolanpirteat.fi\/#website\"},\"primaryImageOfPage\":{\"@id\":\"https:\/\/pohjolanpirteat.fi\/en\/join-us\/#primaryimage\"},\"image\":{\"@id\":\"https:\/\/pohjolanpirteat.fi\/en\/join-us\/#primaryimage\"},\"thumbnailUrl\":\"https:\/\/pohjolanpirteat.partioscout.fi\/wp-content\/uploads\/sites\/63\/2022\/05\/20211002_FILIP_ELLER_KAANNEKOHTA_0001-1-1024x683.jpg\",\"datePublished\":\"2022-03-30T17:31:12+00:00\",\"dateModified\":\"2022-09-21T20:50:11+00:00\",\"breadcrumb\":{\"@id\":\"https:\/\/pohjolanpirteat.fi\/en\/join-us\/#breadcrumb\"},\"inLanguage\":\"en-US\",\"potentialAction\":[{\"@type\":\"ReadAction\",\"target\":[\"https:\/\/pohjolanpirteat.fi\/en\/join-us\/\"]}]},{\"@type\":\"ImageObject\",\"inLanguage\":\"en-US\",\"@id\":\"https:\/\/pohjolanpirteat.fi\/en\/join-us\/#primaryimage\",\"url\":\"https:\/\/pohjolanpirteat.partioscout.fi\/wp-content\/uploads\/sites\/63\/2022\/05\/20211002_FILIP_ELLER_KAANNEKOHTA_0001-1-1024x683.jpg\",\"contentUrl\":\"https:\/\/pohjolanpirteat.partioscout.fi\/wp-content\/uploads\/sites\/63\/2022\/05\/20211002_FILIP_ELLER_KAANNEKOHTA_0001-1-1024x683.jpg\"},{\"@type\":\"BreadcrumbList\",\"@id\":\"https:\/\/pohjolanpirteat.fi\/en\/join-us\/#breadcrumb\",\"itemListElement\":[{\"@type\":\"ListItem\",\"position\":1,\"name\":\"Etusivu\",\"item\":\"https:\/\/pohjolanpirteat.fi\/en\/\"},{\"@type\":\"ListItem\",\"position\":2,\"name\":\"Join us\"}]},{\"@type\":\"WebSite\",\"@id\":\"https:\/\/pohjolanpirteat.fi\/#website\",\"url\":\"https:\/\/pohjolanpirteat.fi\/\",\"name\":\"Pohjolan Pirte\u00e4t ry\",\"description\":\"Pirte\u00e4\u00e4 partiotoimintaa Oulussa\",\"publisher\":{\"@id\":\"https:\/\/pohjolanpirteat.fi\/#organization\"},\"potentialAction\":[{\"@type\":\"SearchAction\",\"target\":{\"@type\":\"EntryPoint\",\"urlTemplate\":\"https:\/\/pohjolanpirteat.fi\/?s={search_term_string}\"},\"query-input\":{\"@type\":\"PropertyValueSpecification\",\"valueRequired\":true,\"valueName\":\"search_term_string\"}}],\"inLanguage\":\"en-US\"},{\"@type\":\"Organization\",\"@id\":\"https:\/\/pohjolanpirteat.fi\/#organization\",\"name\":\"Pohjolan Pirte\u00e4t ry\",\"url\":\"https:\/\/pohjolanpirteat.fi\/\",\"logo\":{\"@type\":\"ImageObject\",\"inLanguage\":\"en-US\",\"@id\":\"https:\/\/pohjolanpirteat.fi\/#\/schema\/logo\/image\/\",\"url\":\"https:\/\/pohjolanpirteat.fi\/wp-content\/uploads\/sites\/63\/2022\/03\/PoPin-logo.png\",\"contentUrl\":\"https:\/\/pohjolanpirteat.fi\/wp-content\/uploads\/sites\/63\/2022\/03\/PoPin-logo.png\",\"width\":2205,\"height\":2203,\"caption\":\"Pohjolan Pirte\u00e4t ry\"},\"image\":{\"@id\":\"https:\/\/pohjolanpirteat.fi\/#\/schema\/logo\/image\/\"},\"sameAs\":[\"https:\/\/fi-fi.facebook.com\/PohjolanPirteat\/\",\"https:\/\/instagram.com\/pohjolanpirteat\/\"]}]}<\/script>\n<!-- \/ Yoast SEO plugin. -->","yoast_head_json":{"title":"Join us - Pohjolan Pirte\u00e4t ry","robots":{"index":"index","follow":"follow","max-snippet":"max-snippet:-1","max-image-preview":"max-image-preview:large","max-video-preview":"max-video-preview:-1"},"canonical":"https:\/\/pohjolanpirteat.fi\/en\/join-us\/","og_locale":"en_US","og_type":"article","og_title":"Join us - Pohjolan Pirte\u00e4t ry","og_url":"https:\/\/pohjolanpirteat.fi\/en\/join-us\/","og_site_name":"Pohjolan Pirte\u00e4t ry","article_publisher":"https:\/\/fi-fi.facebook.com\/PohjolanPirteat\/","article_modified_time":"2022-09-21T20:50:11+00:00","og_image":[{"url":"https:\/\/pohjolanpirteat.partioscout.fi\/wp-content\/uploads\/sites\/63\/2022\/05\/20211002_FILIP_ELLER_KAANNEKOHTA_0001-1-1024x683.jpg","type":"","width":"","height":""}],"twitter_card":"summary_large_image","twitter_misc":{"Est. reading time":"1 minute"},"schema":{"@context":"https:\/\/schema.org","@graph":[{"@type":"WebPage","@id":"https:\/\/pohjolanpirteat.fi\/en\/join-us\/","url":"https:\/\/pohjolanpirteat.fi\/en\/join-us\/","name":"Join us - Pohjolan Pirte\u00e4t ry","isPartOf":{"@id":"https:\/\/pohjolanpirteat.fi\/#website"},"primaryImageOfPage":{"@id":"https:\/\/pohjolanpirteat.fi\/en\/join-us\/#primaryimage"},"image":{"@id":"https:\/\/pohjolanpirteat.fi\/en\/join-us\/#primaryimage"},"thumbnailUrl":"https:\/\/pohjolanpirteat.partioscout.fi\/wp-content\/uploads\/sites\/63\/2022\/05\/20211002_FILIP_ELLER_KAANNEKOHTA_0001-1-1024x683.jpg","datePublished":"2022-03-30T17:31:12+00:00","dateModified":"2022-09-21T20:50:11+00:00","breadcrumb":{"@id":"https:\/\/pohjolanpirteat.fi\/en\/join-us\/#breadcrumb"},"inLanguage":"en-US","potentialAction":[{"@type":"ReadAction","target":["https:\/\/pohjolanpirteat.fi\/en\/join-us\/"]}]},{"@type":"ImageObject","inLanguage":"en-US","@id":"https:\/\/pohjolanpirteat.fi\/en\/join-us\/#primaryimage","url":"https:\/\/pohjolanpirteat.partioscout.fi\/wp-content\/uploads\/sites\/63\/2022\/05\/20211002_FILIP_ELLER_KAANNEKOHTA_0001-1-1024x683.jpg","contentUrl":"https:\/\/pohjolanpirteat.partioscout.fi\/wp-content\/uploads\/sites\/63\/2022\/05\/20211002_FILIP_ELLER_KAANNEKOHTA_0001-1-1024x683.jpg"},{"@type":"BreadcrumbList","@id":"https:\/\/pohjolanpirteat.fi\/en\/join-us\/#breadcrumb","itemListElement":[{"@type":"ListItem","position":1,"name":"Etusivu","item":"https:\/\/pohjolanpirteat.fi\/en\/"},{"@type":"ListItem","position":2,"name":"Join us"}]},{"@type":"WebSite","@id":"https:\/\/pohjolanpirteat.fi\/#website","url":"https:\/\/pohjolanpirteat.fi\/","name":"Pohjolan Pirte\u00e4t ry","description":"Pirte\u00e4\u00e4 partiotoimintaa Oulussa","publisher":{"@id":"https:\/\/pohjolanpirteat.fi\/#organization"},"potentialAction":[{"@type":"SearchAction","target":{"@type":"EntryPoint","urlTemplate":"https:\/\/pohjolanpirteat.fi\/?s={search_term_string}"},"query-input":{"@type":"PropertyValueSpecification","valueRequired":true,"valueName":"search_term_string"}}],"inLanguage":"en-US"},{"@type":"Organization","@id":"https:\/\/pohjolanpirteat.fi\/#organization","name":"Pohjolan Pirte\u00e4t ry","url":"https:\/\/pohjolanpirteat.fi\/","logo":{"@type":"ImageObject","inLanguage":"en-US","@id":"https:\/\/pohjolanpirteat.fi\/#\/schema\/logo\/image\/","url":"https:\/\/pohjolanpirteat.fi\/wp-content\/uploads\/sites\/63\/2022\/03\/PoPin-logo.png","contentUrl":"https:\/\/pohjolanpirteat.fi\/wp-content\/uploads\/sites\/63\/2022\/03\/PoPin-logo.png","width":2205,"height":2203,"caption":"Pohjolan Pirte\u00e4t ry"},"image":{"@id":"https:\/\/pohjolanpirteat.fi\/#\/schema\/logo\/image\/"},"sameAs":["https:\/\/fi-fi.facebook.com\/PohjolanPirteat\/","https:\/\/instagram.com\/pohjolanpirteat\/"]}]}},"_links":{"self":[{"href":"https:\/\/pohjolanpirteat.fi\/en\/wp-json\/wp\/v2\/pages\/358","targetHints":{"allow":["GET"]}}],"collection":[{"href":"https:\/\/pohjolanpirteat.fi\/en\/wp-json\/wp\/v2\/pages"}],"about":[{"href":"https:\/\/pohjolanpirteat.fi\/en\/wp-json\/wp\/v2\/types\/page"}],"author":[{"embeddable":true,"href":"https:\/\/pohjolanpirteat.fi\/en\/wp-json\/wp\/v2\/users\/4"}],"replies":[{"embeddable":true,"href":"https:\/\/pohjolanpirteat.fi\/en\/wp-json\/wp\/v2\/comments?post=358"}],"version-history":[{"count":6,"href":"https:\/\/pohjolanpirteat.fi\/en\/wp-json\/wp\/v2\/pages\/358\/revisions"}],"predecessor-version":[{"id":386,"href":"https:\/\/pohjolanpirteat.fi\/en\/wp-json\/wp\/v2\/pages\/358\/revisions\/386"}],"wp:attachment":[{"href":"https:\/\/pohjolanpirteat.fi\/en\/wp-json\/wp\/v2\/media?parent=358"}],"curies":[{"name":"wp","href":"https:\/\/api.w.org\/{rel}","templated":true}]}}