{"id":163,"date":"2022-03-30T20:31:12","date_gmt":"2022-03-30T17:31:12","guid":{"rendered":"https:\/\/pohjolanpirteat.partioscout.fi\/front-page\/"},"modified":"2022-09-21T23:35:36","modified_gmt":"2022-09-21T20:35:36","slug":"front-page","status":"publish","type":"page","link":"https:\/\/pohjolanpirteat.fi\/en\/","title":{"rendered":"Front page"},"content":{"rendered":"\n\n<div class=\"block-hero full-width id-block\">\n\t<div class=\"container-lg\">\n\t\t<div class=\"row\">\n\t\t\t<div class=\"col\">\n\t\t\t\t<div class=\"flex\">\n\t\t\t\t\t<div class=\"accent desktop\"><\/div>\t\t\t\t\t\n\t\t\t\t\t<div class=\"accent mobile\">\n\t\t\t\t\t\t\t\t\t\t\t\t<div class=\"image-object-fit\">\n\t\t\t\t\t\t\t<img\n\t\t\t\t\t\t\t\tsrc=\"https:\/\/pohjolanpirteat.fi\/wp-content\/uploads\/sites\/63\/2022\/05\/20200731_Tervareitti_OskariPajunpaa_7042-5.jpg\"\n\t\t\t\t\t\t\t\talt=\"\"\n\t\t\t\t\t\t\t\t\t\t\t\t\t\t\t\t\twidth=\"840\"\n\t\t\t\t\t\t\t\t\theight=\"560\"\n\t\t\t\t\t\t\t\t\t\t\t\t\t\t\t>\n\t\t\t\t\t\t<\/div>\n\t\t\t\t\t\t\t\t\t\t\t<\/div>\t\t\t\t\t\n\t\t\t\t\t<div class=\"inner-blocks entry-content\">\n\t\t\t\t\t\t\t\t\t\t\t\t\t\n\n<h1 class=\"wp-block-heading\">Pohjolan Pirte\u00e4t<\/h1>\n\n\n\n<h4 class=\"is-style-default wp-block-heading\" id=\"block-7fee36c2-1742-4199-9793-4ac279c1111f\">&#8220;<em>Min\u00e4 pir pir pir, min\u00e4 tee tee tee,<br>min\u00e4 pir, min\u00e4 tee, min\u00e4 \u00e4\u00e4 \u00e4\u00e4 \u00e4\u00e4, <br>Min\u00e4 Pohjolan PIRTE\u00c4!<\/em>&#8220;<\/h4>\n\n\n\n<p>Scout and guides troop from Oulu, Finland<\/p>\n\n\n\n<div class=\"wp-block-buttons is-layout-flex wp-block-buttons-is-layout-flex\">\n<div class=\"wp-block-button is-style-default\"><a class=\"wp-block-button__link\" href=\"https:\/\/pohjolanpirteat.fi\/tietoa-lippukunnasta\/\">Read more!<\/a><\/div>\n<\/div>\n\n\n\t\t\t\t\t\t\t\t\t\t\t<\/div>\n\t\t\t\t<\/div>\n\t\t\t<\/div>\n\t\t<\/div>\n\t<\/div>\t\n\n\t\t\t\n<\/div>\n\n\n\n\n<div class=\"block-content full-width id-block\">\n\t<div class=\"container-lg\">\n\t\t<div class=\"row justify-content-center\">\n\t\t\t<div class=\"col col-12 col-md-10 col-xxl-6\">\t\t\t\n\t\t\t\t<div class=\"inner-blocks entry-content\">\n\t\t\t\t\t\t\t\t\t\t\t\n\n<h2 class=\"is-style-secondary wp-block-heading\">Scouting and guiding in Oulu<\/h2>\n\n\n\n<p>Pohjolan Pirte\u00e4t, better known as PoPi is a scout troop formed by over a hundred active Guides and Scouts from all over Oulu. Our groups meet weekly at <a href=\"https:\/\/pohjolanpirteat.fi\/tietoa-lippukunnasta\/kokoontumispaikat\/\">The Karjasilta Church<\/a> and <a href=\"https:\/\/pohjolanpirteat.fi\/tietoa-lippukunnasta\/kokoontumispaikat\/\">The L\u00e4ms\u00e4nj\u00e4rvi Camp centre<\/a>. We have Guides and Scouts from all age groups involved, although the official Guiding and Scouting program is meant for Guides and Scouts between 7 and 22 years of age. Between that age bracket, the Guides and Scouts are split between five <a href=\"https:\/\/pohjolanpirteat.fi\/tietoa-lippukunnasta\/ryhmat\/\">age sections<\/a>. For Guides and Scouts younger than 7 years, we offer Family Guinding and Scouting and for Guides and Scouts older than 22 we offer Adult Guiding and Scouting.<\/p>\n\n\n\n<p>The leadership training starts at 15 years of age and small steps towards leadership are taken along the way beforehand. You can start Guiding and Scouting as an adult even if you don&#8217;t have previous background in Guiding and Scouting. In Guiding and Scouting you get to improve upon yourself, learn new things and support the youth in growing up as active citizens.<\/p>\n\n\n\n<p><strong>Now is the best time to join The Guides and Scouts!<\/strong><br>You can join The Guides and Scouts any time of the year as long as we have space in the groups. We run an enrollment event every August where we form new groups fot he coming year, but you may join us during the season as well. <a href=\"https:\/\/pohjolanpirteat.fi\/en\/contact\/\">Please contact us<\/a> and ask for the current group situation!<\/p>\n\n\n\n<div class=\"wp-block-buttons is-layout-flex wp-block-buttons-is-layout-flex\">\n<div class=\"wp-block-button\"><a class=\"wp-block-button__link\" href=\"https:\/\/pohjolanpirteat.fi\/en\/join-us\/\">Join us!<\/a><\/div>\n<\/div>\n\n\n\t\t\t\t\t\t\t\t\n\t\t\t\t<\/div>\n\t\t\t<\/div>\n\t\t<\/div>\n\t<\/div>\t\n\t\t\t\t\t<svg class=\"figure cross\" xmlns=\"http:\/\/www.w3.org\/2000\/svg\" width=\"107\" height=\"47.043\" viewBox=\"0 0 107 47.043\">\n\t\t    <g>\n\t\t        <path d=\"M29.916 6.541L23.349 0l-8.39 8.417L6.541 0 0 6.541l8.39 8.417L0 23.375l6.541 6.541 8.417-8.39 8.39 8.39 6.568-6.541-8.416-8.417z\" transform=\"rotate(-90 23.522 23.521) translate(17.127)\"\/>\n\t\t        <path d=\"M15.253 11.446A24.159 24.159 0 0 1 9.034 0L0 2.064a33.488 33.488 0 0 0 8.632 15.87l.08.08s.617.617 1.474 1.662l7.238-5.79c-1.099-1.341-1.93-2.198-2.171-2.44z\" transform=\"rotate(-90 23.522 23.521) translate(.429 60.519)\"\/>\n\t\t        <path d=\"M16.218 6.648L9.758 0A33.429 33.429 0 0 0 0 18.738l9.141 1.474a23.953 23.953 0 0 1 7.077-13.564z\" transform=\"rotate(-90 23.522 23.521) translate(0 30.828)\"\/>\n\t\t        <path d=\"M.161 3.163A21.712 21.712 0 0 1 1.5 10.481 19.441 19.441 0 0 1 0 17.907l8.578 3.538a28.792 28.792 0 0 0 2.2-10.964A30.739 30.739 0 0 0 8.873 0z\" transform=\"rotate(-90 23.522 23.521) translate(15.285 85.555)\"\/>\n\t\t    <\/g>\n\t\t<\/svg>\n\t\t\t<\/div>\n\n\n\n\n<div class=\"block-latest-articles has-bg has-partial-bg full-width id-block\">\n\t<div class=\"accent\"><\/div>\n\t<div class=\"container-lg\">\n\t\t<div class=\"row\">\n\t\t\t<div class=\"col\">\n\t\t\t\t<h2 class=\"block-title\">Ajankohtaista<\/h2>\n\t\t\t<\/div>\n\t\t<\/div>\n\t\t<div class=\"row\">\n\t\t\t\t\t<\/div>\n\t<\/div>\t\n<\/div>\n\n\n\n\n<div class=\"block-social-feed full-width has-bg id-block admin\">\n\t<div class=\"container-lg\">\n\t\t<div class=\"row\">\n\t\t\t<div class=\"col\">\n\t\t\t\t<h2 class=\"block-title\">Somessa tapahtunutta<\/h2>\n\t\t\t<\/div>\n\t\t<\/div>\n\t\t<div class=\"row\">\n\t\t\t<div class=\"col\">\n\t\t\t\t\t\t\t\t<script src=\"https:\/\/assets.juicer.io\/embed.js\" type=\"text\/javascript\"><\/script>\n\t\t\t\t<link href=\"https:\/\/assets.juicer.io\/embed.css\" media=\"all\" rel=\"stylesheet\" type=\"text\/css\" \/>\n\t\t\t\t<ul class=\"juicer-feed\" data-feed-id=\"pohjolanpirteat\" data-overlay=\"false\" data-style=\"modern\" data-after=\"custom_juicer()\" data-gutter=\"48\" data-per=\"6\"><h1 class=\"referral\"><a href=\"https:\/\/www.juicer.io\">Powered by Juicer.io<\/a><\/h1><\/ul>\n\t\t\t\t<script>\n\t\t\t\t\tconst $ = window.jQuery;\n\n\t\t\t\t\t\/\/Change button language\t\n\t\t\t\t\tdocument.addEventListener('juicer:feedLoaded', () => {\n\t\t\t\t\t\tconst moreButtonText = \"N\u00e4yt\u00e4 lis\u00e4\u00e4\";\n\n\t\t\t\t\t\tsetInterval(() => {\n\t\t\t\t\t\t\tconst btn = document.querySelector('.j-paginate');\n\t\t\t\t\t\t\tif (btn) btn.textContent = moreButtonText;\n\t\t\t\t\t\t}, 500);\n\t\t\t\t\t});\n\n\t\t\t\t\tfunction custom_juicer() {\n\t\t\t\t\t\t$('.block-social-feed .juicer-feed .feed-item').each(function(e) {\n\t\t\t\t\t\t\t\/\/console.log($(this));\n\n\t\t\t\t\t\t\tif($(this).find('.j-image').length !== 0) {\n\t\t\t\t\t\t\t\t$(this).data('image', $(this).find('.j-image').data('image'));\n\t\t\t\t\t\t\t\t$(this).data('image-link', $(this).find('.j-image').attr('href'));\n\t\t\t\t\t\t\t}\n\n\t\t\t\t\t\t\tif($(this).find('.j-text').length !== 0) {\n\t\t\t\t\t\t\t\t$(this).data('message', JSON.stringify($(this).find('.j-message').html()));\n\t\t\t\t\t\t\t\t$(this).data('alt', JSON.stringify($(this).find('.j-message').text()));\n\t\t\t\t\t\t\t\t$(this).data('socialmedia', $(this).find('.j-social').attr('aria-label'));\n\t\t\t\t\t\t\t}\n\n\t\t\t\t\t\t\tif($(this).find('.j-poster').length !== 0) {\n\t\t\t\t\t\t\t\t$(this).data('poster-thumb', $(this).find('.j-poster img').data('lazy'));\n\t\t\t\t\t\t\t\t$(this).data('poster-link', $(this).find('.j-poster a').attr('href'));\n\t\t\t\t\t\t\t\t$(this).data('poster-name', JSON.stringify($(this).find('.j-poster h3').html()));\n\t\t\t\t\t\t\t\t$(this).data('date', JSON.stringify($(this).find('.j-date').html()));\n\t\t\t\t\t\t\t}\n\n\t\t\t\t\t\t\tlet juicer_item = '<div class=\"card\">';\t\t\t\t\t\t\t\n\n\t\t\t\t\t\t\tif($(this).data('image') !== undefined) {\n\t\t\t\t\t\t\t\tjuicer_item += '<a target=\"_blank\" rel=\"no-referer\" href=\"' + $(this).data('image-link') + '\"><img decoding=\"async\" class=\"thumbnail\" src=\"' + $(this).data('image') + '\" alt=\"' + JSON.parse($(this).data('alt')) + '\"><\/a>';\n\t\t\t\t\t\t\t} else {\n\t\t\t\t\t\t\t\tjuicer_item += '<div class=\"no-image\"><\/div>';\n\t\t\t\t\t\t\t}\n\n\t\t\t\t\t\t\tjuicer_item += '<div class=\"content\">';\n\t\t\t\t\t\t\tif($(this).data('message') !== undefined) {\n\t\t\t\t\t\t\t\tjuicer_item += '<div class=\"excerpt\">' + JSON.parse($(this).data('message')) + '<\/div>';\n\t\t\t\t\t\t\t}\n\t\t\t\t\t\t\tjuicer_item += '<div class=\"user\">';\n\t\t\t\t\t\t\tif($(this).data('poster-thumb') !== undefined) {\n\t\t\t\t\t\t\t\tjuicer_item += '<img decoding=\"async\" class=\"poster-thumb\" src=\"' + $(this).data('poster-thumb') + '\" alt=\"\">';\n\t\t\t\t\t\t\t}\n\t\t\t\t\t\t\tjuicer_item += '<div class=\"user-meta\">';\n\t\t\t\t\t\t\tjuicer_item += '<div><a target=\"_blank\" rel=\"no-referer\" href=\"' + $(this).data('poster-link') + '\" class=\"username\">' + JSON.parse($(this).data('poster-name')) + '<\/a><\/div>';\n\t\t\t\t\t\t\tjuicer_item += '<p class=\"time\">' + JSON.parse($(this).data('date')) + '<\/p>';\n\t\t\t\t\t\t\tjuicer_item += '<\/div>'; \/\/user-meta\n\t\t\t\t\t\t\tjuicer_item += '<\/div>'; \/\/user\n\t\t\t\t\t\t\tjuicer_item += '<\/div>'; \/\/content\n\t\t\t\t\t\t\tjuicer_item += '<div class=\"socialmedia\">' + $(this).data('socialmedia') + '<\/div>';\n\t\t\t\t\t\t\tjuicer_item += '<\/div>'; \/\/card\n\n\n\t\t\t\t\t\t\t\/\/Replace card html\n\t\t\t\t\t\t\t$(this).html(juicer_item);\n\t\t\t\t\t\t});\n\n\t\t\t\t\t\t$('.block-social-feed .j-paginate').on('click', function(e) {\n\t\t\t\t\t\t\t$(this).closest('.juicer-feed').addClass('more');\n\t\t\t\t\t\t});\n\t\t\t\t\t}\n\t\t\t\t<\/script>\n\t\t\t\t\t\t\t<\/div>\n\t\t<\/div>\n\t<\/div>\t\n<\/div>\n","protected":false},"excerpt":{"rendered":"","protected":false},"author":4,"featured_media":0,"parent":0,"menu_order":0,"comment_status":"closed","ping_status":"closed","template":"","meta":{"_acf_changed":false,"footnotes":""},"class_list":["post-163","page","type-page","status-publish","hentry"],"acf":[],"yoast_head":"<!-- This site is optimized with the Yoast SEO plugin v27.4 - https:\/\/yoast.com\/product\/yoast-seo-wordpress\/ -->\n<title>Front page - Pohjolan Pirte\u00e4t ry<\/title>\n<meta name=\"robots\" content=\"index, follow, max-snippet:-1, max-image-preview:large, max-video-preview:-1\" \/>\n<link rel=\"canonical\" href=\"https:\/\/pohjolanpirteat.fi\/en\/\" \/>\n<meta property=\"og:locale\" content=\"en_US\" \/>\n<meta property=\"og:type\" content=\"article\" \/>\n<meta property=\"og:title\" content=\"Front page - Pohjolan Pirte\u00e4t ry\" \/>\n<meta property=\"og:url\" content=\"https:\/\/pohjolanpirteat.fi\/en\/\" \/>\n<meta property=\"og:site_name\" content=\"Pohjolan Pirte\u00e4t ry\" \/>\n<meta property=\"article:publisher\" content=\"https:\/\/fi-fi.facebook.com\/PohjolanPirteat\/\" \/>\n<meta property=\"article:modified_time\" content=\"2022-09-21T20:35:36+00:00\" \/>\n<meta name=\"twitter:card\" content=\"summary_large_image\" \/>\n<meta name=\"twitter:label1\" content=\"Est. reading time\" \/>\n\t<meta name=\"twitter:data1\" content=\"2 minutes\" \/>\n<script type=\"application\/ld+json\" class=\"yoast-schema-graph\">{\"@context\":\"https:\\\/\\\/schema.org\",\"@graph\":[{\"@type\":\"WebPage\",\"@id\":\"https:\\\/\\\/pohjolanpirteat.fi\\\/en\\\/\",\"url\":\"https:\\\/\\\/pohjolanpirteat.fi\\\/en\\\/\",\"name\":\"Front page - Pohjolan Pirte\u00e4t ry\",\"isPartOf\":{\"@id\":\"https:\\\/\\\/pohjolanpirteat.fi\\\/#website\"},\"datePublished\":\"2022-03-30T17:31:12+00:00\",\"dateModified\":\"2022-09-21T20:35:36+00:00\",\"breadcrumb\":{\"@id\":\"https:\\\/\\\/pohjolanpirteat.fi\\\/en\\\/#breadcrumb\"},\"inLanguage\":\"en-US\",\"potentialAction\":[{\"@type\":\"ReadAction\",\"target\":[\"https:\\\/\\\/pohjolanpirteat.fi\\\/en\\\/\"]}]},{\"@type\":\"BreadcrumbList\",\"@id\":\"https:\\\/\\\/pohjolanpirteat.fi\\\/en\\\/#breadcrumb\",\"itemListElement\":[{\"@type\":\"ListItem\",\"position\":1,\"name\":\"Etusivu\",\"item\":\"https:\\\/\\\/pohjolanpirteat.fi\\\/en\\\/\"},{\"@type\":\"ListItem\",\"position\":2,\"name\":\"Front page\"}]},{\"@type\":\"WebSite\",\"@id\":\"https:\\\/\\\/pohjolanpirteat.fi\\\/#website\",\"url\":\"https:\\\/\\\/pohjolanpirteat.fi\\\/\",\"name\":\"Pohjolan Pirte\u00e4t ry\",\"description\":\"Pirte\u00e4\u00e4 partiotoimintaa Oulussa\",\"publisher\":{\"@id\":\"https:\\\/\\\/pohjolanpirteat.fi\\\/#organization\"},\"potentialAction\":[{\"@type\":\"SearchAction\",\"target\":{\"@type\":\"EntryPoint\",\"urlTemplate\":\"https:\\\/\\\/pohjolanpirteat.fi\\\/?s={search_term_string}\"},\"query-input\":{\"@type\":\"PropertyValueSpecification\",\"valueRequired\":true,\"valueName\":\"search_term_string\"}}],\"inLanguage\":\"en-US\"},{\"@type\":\"Organization\",\"@id\":\"https:\\\/\\\/pohjolanpirteat.fi\\\/#organization\",\"name\":\"Pohjolan Pirte\u00e4t ry\",\"url\":\"https:\\\/\\\/pohjolanpirteat.fi\\\/\",\"logo\":{\"@type\":\"ImageObject\",\"inLanguage\":\"en-US\",\"@id\":\"https:\\\/\\\/pohjolanpirteat.fi\\\/#\\\/schema\\\/logo\\\/image\\\/\",\"url\":\"https:\\\/\\\/pohjolanpirteat.fi\\\/wp-content\\\/uploads\\\/sites\\\/63\\\/2022\\\/03\\\/PoPin-logo.png\",\"contentUrl\":\"https:\\\/\\\/pohjolanpirteat.fi\\\/wp-content\\\/uploads\\\/sites\\\/63\\\/2022\\\/03\\\/PoPin-logo.png\",\"width\":2205,\"height\":2203,\"caption\":\"Pohjolan Pirte\u00e4t ry\"},\"image\":{\"@id\":\"https:\\\/\\\/pohjolanpirteat.fi\\\/#\\\/schema\\\/logo\\\/image\\\/\"},\"sameAs\":[\"https:\\\/\\\/fi-fi.facebook.com\\\/PohjolanPirteat\\\/\",\"https:\\\/\\\/instagram.com\\\/pohjolanpirteat\\\/\"]}]}<\/script>\n<!-- \/ Yoast SEO plugin. -->","yoast_head_json":{"title":"Front page - Pohjolan Pirte\u00e4t ry","robots":{"index":"index","follow":"follow","max-snippet":"max-snippet:-1","max-image-preview":"max-image-preview:large","max-video-preview":"max-video-preview:-1"},"canonical":"https:\/\/pohjolanpirteat.fi\/en\/","og_locale":"en_US","og_type":"article","og_title":"Front page - Pohjolan Pirte\u00e4t ry","og_url":"https:\/\/pohjolanpirteat.fi\/en\/","og_site_name":"Pohjolan Pirte\u00e4t ry","article_publisher":"https:\/\/fi-fi.facebook.com\/PohjolanPirteat\/","article_modified_time":"2022-09-21T20:35:36+00:00","twitter_card":"summary_large_image","twitter_misc":{"Est. reading time":"2 minutes"},"schema":{"@context":"https:\/\/schema.org","@graph":[{"@type":"WebPage","@id":"https:\/\/pohjolanpirteat.fi\/en\/","url":"https:\/\/pohjolanpirteat.fi\/en\/","name":"Front page - Pohjolan Pirte\u00e4t ry","isPartOf":{"@id":"https:\/\/pohjolanpirteat.fi\/#website"},"datePublished":"2022-03-30T17:31:12+00:00","dateModified":"2022-09-21T20:35:36+00:00","breadcrumb":{"@id":"https:\/\/pohjolanpirteat.fi\/en\/#breadcrumb"},"inLanguage":"en-US","potentialAction":[{"@type":"ReadAction","target":["https:\/\/pohjolanpirteat.fi\/en\/"]}]},{"@type":"BreadcrumbList","@id":"https:\/\/pohjolanpirteat.fi\/en\/#breadcrumb","itemListElement":[{"@type":"ListItem","position":1,"name":"Etusivu","item":"https:\/\/pohjolanpirteat.fi\/en\/"},{"@type":"ListItem","position":2,"name":"Front page"}]},{"@type":"WebSite","@id":"https:\/\/pohjolanpirteat.fi\/#website","url":"https:\/\/pohjolanpirteat.fi\/","name":"Pohjolan Pirte\u00e4t ry","description":"Pirte\u00e4\u00e4 partiotoimintaa Oulussa","publisher":{"@id":"https:\/\/pohjolanpirteat.fi\/#organization"},"potentialAction":[{"@type":"SearchAction","target":{"@type":"EntryPoint","urlTemplate":"https:\/\/pohjolanpirteat.fi\/?s={search_term_string}"},"query-input":{"@type":"PropertyValueSpecification","valueRequired":true,"valueName":"search_term_string"}}],"inLanguage":"en-US"},{"@type":"Organization","@id":"https:\/\/pohjolanpirteat.fi\/#organization","name":"Pohjolan Pirte\u00e4t ry","url":"https:\/\/pohjolanpirteat.fi\/","logo":{"@type":"ImageObject","inLanguage":"en-US","@id":"https:\/\/pohjolanpirteat.fi\/#\/schema\/logo\/image\/","url":"https:\/\/pohjolanpirteat.fi\/wp-content\/uploads\/sites\/63\/2022\/03\/PoPin-logo.png","contentUrl":"https:\/\/pohjolanpirteat.fi\/wp-content\/uploads\/sites\/63\/2022\/03\/PoPin-logo.png","width":2205,"height":2203,"caption":"Pohjolan Pirte\u00e4t ry"},"image":{"@id":"https:\/\/pohjolanpirteat.fi\/#\/schema\/logo\/image\/"},"sameAs":["https:\/\/fi-fi.facebook.com\/PohjolanPirteat\/","https:\/\/instagram.com\/pohjolanpirteat\/"]}]}},"_links":{"self":[{"href":"https:\/\/pohjolanpirteat.fi\/en\/wp-json\/wp\/v2\/pages\/163","targetHints":{"allow":["GET"]}}],"collection":[{"href":"https:\/\/pohjolanpirteat.fi\/en\/wp-json\/wp\/v2\/pages"}],"about":[{"href":"https:\/\/pohjolanpirteat.fi\/en\/wp-json\/wp\/v2\/types\/page"}],"author":[{"embeddable":true,"href":"https:\/\/pohjolanpirteat.fi\/en\/wp-json\/wp\/v2\/users\/4"}],"replies":[{"embeddable":true,"href":"https:\/\/pohjolanpirteat.fi\/en\/wp-json\/wp\/v2\/comments?post=163"}],"version-history":[{"count":11,"href":"https:\/\/pohjolanpirteat.fi\/en\/wp-json\/wp\/v2\/pages\/163\/revisions"}],"predecessor-version":[{"id":378,"href":"https:\/\/pohjolanpirteat.fi\/en\/wp-json\/wp\/v2\/pages\/163\/revisions\/378"}],"wp:attachment":[{"href":"https:\/\/pohjolanpirteat.fi\/en\/wp-json\/wp\/v2\/media?parent=163"}],"curies":[{"name":"wp","href":"https:\/\/api.w.org\/{rel}","templated":true}]}}